{"id":952,"date":"2024-04-29T06:31:29","date_gmt":"2024-04-29T06:31:29","guid":{"rendered":"https:\/\/shop.geofoods.it\/product\/tartufo-estivo\/"},"modified":"2024-05-13T06:15:48","modified_gmt":"2024-05-13T06:15:48","slug":"tartufo-estivo","status":"publish","type":"product","link":"https:\/\/shop.geofoods.it\/it\/prodotto\/tartufo-estivo\/","title":{"rendered":"Tartufo Estivo"},"content":{"rendered":"<p><strong>Periodo di commercializazione<\/strong><br \/>\nTartufo estivo: Maggio &#8211; Settembre<br \/>\nTartufo uncinato: Ottobre &#8211; Marzo<\/p>\n<p><strong>Selezione<\/strong><br \/>\nQualita extra: Tartufo intero, forma regolare, perfetto<br \/>\nPrima scelta: Buona qualit\u00e0, forma irregolare<br \/>\nSeconda scelta: Buona qualit\u00e0, forma irregolare, pezzi<\/p>\n<p><strong>Formato<\/strong><br \/>\nDisponibili varie pezzature<\/p>\n","protected":false},"excerpt":{"rendered":"<p>Il tartufo estivo, detto anche scorzone \u2013 per la sua caratteristica scorza (peridio) ruvida e verrucosa \u2013 \u00e8 il pi\u00f9 resistente rispetto alle altre variet\u00e0. \u00c8 ampiamente utilizzato per scopi culinari e come base per i prodotti conservati a base di tartufo. Il suo profumo \u00e8 pi\u00f9 tenue rispetto al tartufo bianco, ma \u00e8 comunque molto versatile in cucina. Infatti, il tartufo estivo sprigiona la sua fragranza soprattutto quando viene cucinato.   <\/p>\n","protected":false},"featured_media":951,"comment_status":"open","ping_status":"closed","template":"","meta":{"inline_featured_image":false},"product_cat":[220,70],"product_tag":[221,76,189],"yoast_head":"<!-- This site is optimized with the Yoast SEO plugin v22.4 - https:\/\/yoast.com\/wordpress\/plugins\/seo\/ -->\n<title>Tartufo Estivo - Geofoods<\/title>\n<meta name=\"robots\" content=\"index, follow, max-snippet:-1, max-image-preview:large, max-video-preview:-1\" \/>\n<link rel=\"canonical\" href=\"https:\/\/shop.geofoods.it\/it\/prodotto\/tartufo-estivo\/\" \/>\n<meta property=\"og:locale\" content=\"it_IT\" \/>\n<meta property=\"og:type\" content=\"article\" \/>\n<meta property=\"og:title\" content=\"Tartufo Estivo - Geofoods\" \/>\n<meta property=\"og:description\" content=\"Il tartufo estivo, detto anche scorzone \u2013 per la sua caratteristica scorza (peridio) ruvida e verrucosa \u2013 \u00e8 il pi\u00f9 resistente rispetto alle altre variet\u00e0. \u00c8 ampiamente utilizzato per scopi culinari e come base per i prodotti conservati a base di tartufo. Il suo profumo \u00e8 pi\u00f9 tenue rispetto al tartufo bianco, ma \u00e8 comunque molto versatile in cucina. Infatti, il tartufo estivo sprigiona la sua fragranza soprattutto quando viene cucinato.\" \/>\n<meta property=\"og:url\" content=\"https:\/\/shop.geofoods.it\/it\/prodotto\/tartufo-estivo\/\" \/>\n<meta property=\"og:site_name\" content=\"Geofoods\" \/>\n<meta property=\"article:publisher\" content=\"https:\/\/www.facebook.com\/geofoodsitaliantruffles\/\" \/>\n<meta property=\"article:modified_time\" content=\"2024-05-13T06:15:48+00:00\" \/>\n<meta property=\"og:image\" content=\"https:\/\/shop.geofoods.it\/wp-content\/uploads\/2024\/04\/summer-truffles.jpg\" \/>\n\t<meta property=\"og:image:width\" content=\"800\" \/>\n\t<meta property=\"og:image:height\" content=\"800\" \/>\n\t<meta property=\"og:image:type\" content=\"image\/jpeg\" \/>\n<meta name=\"twitter:card\" content=\"summary_large_image\" \/>\n<script type=\"application\/ld+json\" class=\"yoast-schema-graph\">{\"@context\":\"https:\/\/schema.org\",\"@graph\":[{\"@type\":\"WebPage\",\"@id\":\"https:\/\/shop.geofoods.it\/it\/prodotto\/tartufo-estivo\/\",\"url\":\"https:\/\/shop.geofoods.it\/it\/prodotto\/tartufo-estivo\/\",\"name\":\"Tartufo Estivo - Geofoods\",\"isPartOf\":{\"@id\":\"https:\/\/shop.geofoods.it\/it\/#website\"},\"primaryImageOfPage\":{\"@id\":\"https:\/\/shop.geofoods.it\/it\/prodotto\/tartufo-estivo\/#primaryimage\"},\"image\":{\"@id\":\"https:\/\/shop.geofoods.it\/it\/prodotto\/tartufo-estivo\/#primaryimage\"},\"thumbnailUrl\":\"https:\/\/shop.geofoods.it\/wp-content\/uploads\/2024\/04\/summer-truffles.jpg\",\"datePublished\":\"2024-04-29T06:31:29+00:00\",\"dateModified\":\"2024-05-13T06:15:48+00:00\",\"breadcrumb\":{\"@id\":\"https:\/\/shop.geofoods.it\/it\/prodotto\/tartufo-estivo\/#breadcrumb\"},\"inLanguage\":\"it-IT\",\"potentialAction\":[{\"@type\":\"ReadAction\",\"target\":[\"https:\/\/shop.geofoods.it\/it\/prodotto\/tartufo-estivo\/\"]}]},{\"@type\":\"ImageObject\",\"inLanguage\":\"it-IT\",\"@id\":\"https:\/\/shop.geofoods.it\/it\/prodotto\/tartufo-estivo\/#primaryimage\",\"url\":\"https:\/\/shop.geofoods.it\/wp-content\/uploads\/2024\/04\/summer-truffles.jpg\",\"contentUrl\":\"https:\/\/shop.geofoods.it\/wp-content\/uploads\/2024\/04\/summer-truffles.jpg\",\"width\":800,\"height\":800,\"caption\":\"summer truffles\"},{\"@type\":\"BreadcrumbList\",\"@id\":\"https:\/\/shop.geofoods.it\/it\/prodotto\/tartufo-estivo\/#breadcrumb\",\"itemListElement\":[{\"@type\":\"ListItem\",\"position\":1,\"name\":\"Home\",\"item\":\"https:\/\/shop.geofoods.it\/it\/\"},{\"@type\":\"ListItem\",\"position\":2,\"name\":\"Shop\",\"item\":\"https:\/\/shop.geofoods.it\/it\/negozio\/\"},{\"@type\":\"ListItem\",\"position\":3,\"name\":\"Tartufo Estivo\"}]},{\"@type\":\"WebSite\",\"@id\":\"https:\/\/shop.geofoods.it\/it\/#website\",\"url\":\"https:\/\/shop.geofoods.it\/it\/\",\"name\":\"Geofoods Shop\",\"description\":\"Italian Truffles\",\"publisher\":{\"@id\":\"https:\/\/shop.geofoods.it\/it\/#organization\"},\"potentialAction\":[{\"@type\":\"SearchAction\",\"target\":{\"@type\":\"EntryPoint\",\"urlTemplate\":\"https:\/\/shop.geofoods.it\/it\/?s={search_term_string}\"},\"query-input\":\"required name=search_term_string\"}],\"inLanguage\":\"it-IT\"},{\"@type\":\"Organization\",\"@id\":\"https:\/\/shop.geofoods.it\/it\/#organization\",\"name\":\"Geofoods Srl\",\"url\":\"https:\/\/shop.geofoods.it\/it\/\",\"logo\":{\"@type\":\"ImageObject\",\"inLanguage\":\"it-IT\",\"@id\":\"https:\/\/shop.geofoods.it\/it\/#\/schema\/logo\/image\/\",\"url\":\"https:\/\/shop.geofoods.it\/wp-content\/uploads\/2024\/05\/geofoods-meta-image.jpg\",\"contentUrl\":\"https:\/\/shop.geofoods.it\/wp-content\/uploads\/2024\/05\/geofoods-meta-image.jpg\",\"width\":1200,\"height\":630,\"caption\":\"Geofoods Srl\"},\"image\":{\"@id\":\"https:\/\/shop.geofoods.it\/it\/#\/schema\/logo\/image\/\"},\"sameAs\":[\"https:\/\/www.facebook.com\/geofoodsitaliantruffles\/\",\"https:\/\/www.linkedin.com\/company\/geofoods-italian-truffle\",\"https:\/\/www.instagram.com\/geofoods_italiantruffles\/\"]}]}<\/script>\n<!-- \/ Yoast SEO plugin. -->","yoast_head_json":{"title":"Tartufo Estivo - Geofoods","robots":{"index":"index","follow":"follow","max-snippet":"max-snippet:-1","max-image-preview":"max-image-preview:large","max-video-preview":"max-video-preview:-1"},"canonical":"https:\/\/shop.geofoods.it\/it\/prodotto\/tartufo-estivo\/","og_locale":"it_IT","og_type":"article","og_title":"Tartufo Estivo - Geofoods","og_description":"Il tartufo estivo, detto anche scorzone \u2013 per la sua caratteristica scorza (peridio) ruvida e verrucosa \u2013 \u00e8 il pi\u00f9 resistente rispetto alle altre variet\u00e0. \u00c8 ampiamente utilizzato per scopi culinari e come base per i prodotti conservati a base di tartufo. Il suo profumo \u00e8 pi\u00f9 tenue rispetto al tartufo bianco, ma \u00e8 comunque molto versatile in cucina. Infatti, il tartufo estivo sprigiona la sua fragranza soprattutto quando viene cucinato.","og_url":"https:\/\/shop.geofoods.it\/it\/prodotto\/tartufo-estivo\/","og_site_name":"Geofoods","article_publisher":"https:\/\/www.facebook.com\/geofoodsitaliantruffles\/","article_modified_time":"2024-05-13T06:15:48+00:00","og_image":[{"width":800,"height":800,"url":"https:\/\/shop.geofoods.it\/wp-content\/uploads\/2024\/04\/summer-truffles.jpg","type":"image\/jpeg"}],"twitter_card":"summary_large_image","schema":{"@context":"https:\/\/schema.org","@graph":[{"@type":"WebPage","@id":"https:\/\/shop.geofoods.it\/it\/prodotto\/tartufo-estivo\/","url":"https:\/\/shop.geofoods.it\/it\/prodotto\/tartufo-estivo\/","name":"Tartufo Estivo - Geofoods","isPartOf":{"@id":"https:\/\/shop.geofoods.it\/it\/#website"},"primaryImageOfPage":{"@id":"https:\/\/shop.geofoods.it\/it\/prodotto\/tartufo-estivo\/#primaryimage"},"image":{"@id":"https:\/\/shop.geofoods.it\/it\/prodotto\/tartufo-estivo\/#primaryimage"},"thumbnailUrl":"https:\/\/shop.geofoods.it\/wp-content\/uploads\/2024\/04\/summer-truffles.jpg","datePublished":"2024-04-29T06:31:29+00:00","dateModified":"2024-05-13T06:15:48+00:00","breadcrumb":{"@id":"https:\/\/shop.geofoods.it\/it\/prodotto\/tartufo-estivo\/#breadcrumb"},"inLanguage":"it-IT","potentialAction":[{"@type":"ReadAction","target":["https:\/\/shop.geofoods.it\/it\/prodotto\/tartufo-estivo\/"]}]},{"@type":"ImageObject","inLanguage":"it-IT","@id":"https:\/\/shop.geofoods.it\/it\/prodotto\/tartufo-estivo\/#primaryimage","url":"https:\/\/shop.geofoods.it\/wp-content\/uploads\/2024\/04\/summer-truffles.jpg","contentUrl":"https:\/\/shop.geofoods.it\/wp-content\/uploads\/2024\/04\/summer-truffles.jpg","width":800,"height":800,"caption":"summer truffles"},{"@type":"BreadcrumbList","@id":"https:\/\/shop.geofoods.it\/it\/prodotto\/tartufo-estivo\/#breadcrumb","itemListElement":[{"@type":"ListItem","position":1,"name":"Home","item":"https:\/\/shop.geofoods.it\/it\/"},{"@type":"ListItem","position":2,"name":"Shop","item":"https:\/\/shop.geofoods.it\/it\/negozio\/"},{"@type":"ListItem","position":3,"name":"Tartufo Estivo"}]},{"@type":"WebSite","@id":"https:\/\/shop.geofoods.it\/it\/#website","url":"https:\/\/shop.geofoods.it\/it\/","name":"Geofoods Shop","description":"Italian Truffles","publisher":{"@id":"https:\/\/shop.geofoods.it\/it\/#organization"},"potentialAction":[{"@type":"SearchAction","target":{"@type":"EntryPoint","urlTemplate":"https:\/\/shop.geofoods.it\/it\/?s={search_term_string}"},"query-input":"required name=search_term_string"}],"inLanguage":"it-IT"},{"@type":"Organization","@id":"https:\/\/shop.geofoods.it\/it\/#organization","name":"Geofoods Srl","url":"https:\/\/shop.geofoods.it\/it\/","logo":{"@type":"ImageObject","inLanguage":"it-IT","@id":"https:\/\/shop.geofoods.it\/it\/#\/schema\/logo\/image\/","url":"https:\/\/shop.geofoods.it\/wp-content\/uploads\/2024\/05\/geofoods-meta-image.jpg","contentUrl":"https:\/\/shop.geofoods.it\/wp-content\/uploads\/2024\/05\/geofoods-meta-image.jpg","width":1200,"height":630,"caption":"Geofoods Srl"},"image":{"@id":"https:\/\/shop.geofoods.it\/it\/#\/schema\/logo\/image\/"},"sameAs":["https:\/\/www.facebook.com\/geofoodsitaliantruffles\/","https:\/\/www.linkedin.com\/company\/geofoods-italian-truffle","https:\/\/www.instagram.com\/geofoods_italiantruffles\/"]}]}},"jetpack_sharing_enabled":true,"_links":{"self":[{"href":"https:\/\/shop.geofoods.it\/it\/wp-json\/wp\/v2\/product\/952"}],"collection":[{"href":"https:\/\/shop.geofoods.it\/it\/wp-json\/wp\/v2\/product"}],"about":[{"href":"https:\/\/shop.geofoods.it\/it\/wp-json\/wp\/v2\/types\/product"}],"replies":[{"embeddable":true,"href":"https:\/\/shop.geofoods.it\/it\/wp-json\/wp\/v2\/comments?post=952"}],"wp:featuredmedia":[{"embeddable":true,"href":"https:\/\/shop.geofoods.it\/it\/wp-json\/wp\/v2\/media\/951"}],"wp:attachment":[{"href":"https:\/\/shop.geofoods.it\/it\/wp-json\/wp\/v2\/media?parent=952"}],"wp:term":[{"taxonomy":"product_cat","embeddable":true,"href":"https:\/\/shop.geofoods.it\/it\/wp-json\/wp\/v2\/product_cat?post=952"},{"taxonomy":"product_tag","embeddable":true,"href":"https:\/\/shop.geofoods.it\/it\/wp-json\/wp\/v2\/product_tag?post=952"}],"curies":[{"name":"wp","href":"https:\/\/api.w.org\/{rel}","templated":true}]}}