{"id":3,"date":"2023-11-10T07:56:31","date_gmt":"2023-11-10T07:56:31","guid":{"rendered":"https:\/\/shop.geofoods.it\/?page_id=3"},"modified":"2024-05-13T08:15:36","modified_gmt":"2024-05-13T08:15:36","slug":"informativa-privacy","status":"publish","type":"page","link":"https:\/\/shop.geofoods.it\/it\/informativa-privacy\/","title":{"rendered":"Informativa Privacy"},"content":{"rendered":"<p><div class=\"fusion-fullwidth fullwidth-box fusion-builder-row-1 fusion-flex-container has-pattern-background has-mask-background nonhundred-percent-fullwidth non-hundred-percent-height-scrolling\" style=\"--awb-border-radius-top-left:0px;--awb-border-radius-top-right:0px;--awb-border-radius-bottom-right:0px;--awb-border-radius-bottom-left:0px;--awb-padding-top:50px;--awb-padding-bottom:50px;--awb-background-color:#f5f2eb;--awb-flex-wrap:wrap;\" ><div class=\"fusion-builder-row fusion-row fusion-flex-align-items-flex-start fusion-flex-content-wrap\" style=\"max-width:1248px;margin-left: calc(-4% \/ 2 );margin-right: calc(-4% \/ 2 );\"><div class=\"fusion-layout-column fusion_builder_column fusion-builder-column-0 fusion_builder_column_1_1 1_1 fusion-flex-column\" style=\"--awb-bg-size:cover;--awb-width-large:100%;--awb-margin-top-large:0px;--awb-spacing-right-large:1.92%;--awb-margin-bottom-large:0px;--awb-spacing-left-large:1.92%;--awb-width-medium:100%;--awb-order-medium:0;--awb-spacing-right-medium:1.92%;--awb-spacing-left-medium:1.92%;--awb-width-small:100%;--awb-order-small:0;--awb-spacing-right-small:1.92%;--awb-spacing-left-small:1.92%;\"><div class=\"fusion-column-wrapper fusion-column-has-shadow fusion-flex-justify-content-flex-start fusion-content-layout-column\"><nav class=\"fusion-breadcrumbs awb-yoast-breadcrumbs fusion-breadcrumbs-1\" style=\"--awb-alignment:center;--awb-breadcrumb-sep:&#039;\/&#039;;text-align:center;\" aria-label=\"Breadcrumb\"><span><span><a href=\"https:\/\/shop.geofoods.it\/it\/\">Home<\/a><\/span><\/span><\/nav><div class=\"fusion-title title fusion-title-1 fusion-sep-none fusion-title-center fusion-title-text fusion-title-size-one\" style=\"--awb-font-size:34px;\"><h1 class=\"fusion-title-heading title-heading-center\" style=\"font-family:&quot;Cabin&quot;;font-style:normal;font-weight:700;margin:0;font-size:1em;\">Informativa Privacy<\/h1><\/div><\/div><\/div><\/div><\/div><div class=\"fusion-fullwidth fullwidth-box fusion-builder-row-2 fusion-flex-container has-pattern-background has-mask-background nonhundred-percent-fullwidth non-hundred-percent-height-scrolling\" style=\"--awb-border-radius-top-left:0px;--awb-border-radius-top-right:0px;--awb-border-radius-bottom-right:0px;--awb-border-radius-bottom-left:0px;--awb-padding-top:50px;--awb-flex-wrap:wrap;\" ><div class=\"fusion-builder-row fusion-row fusion-flex-align-items-flex-start fusion-flex-content-wrap\" style=\"max-width:1248px;margin-left: calc(-4% \/ 2 );margin-right: calc(-4% \/ 2 );\"><div class=\"fusion-layout-column fusion_builder_column fusion-builder-column-1 fusion_builder_column_1_1 1_1 fusion-flex-column\" style=\"--awb-bg-size:cover;--awb-width-large:100%;--awb-margin-top-large:0px;--awb-spacing-right-large:1.92%;--awb-margin-bottom-large:20px;--awb-spacing-left-large:1.92%;--awb-width-medium:100%;--awb-order-medium:0;--awb-spacing-right-medium:1.92%;--awb-spacing-left-medium:1.92%;--awb-width-small:100%;--awb-order-small:0;--awb-spacing-right-small:1.92%;--awb-spacing-left-small:1.92%;\"><div class=\"fusion-column-wrapper fusion-column-has-shadow fusion-flex-justify-content-flex-start fusion-content-layout-column\"><div class=\"fusion-text fusion-text-1\"><p style=\"margin: 0cm; line-height: 18.75pt; background: white;\"><strong><span lang=\"IT\" style=\"font-size: 13.0pt; color: black;\">INFORMATIVA AI SENSI DELL\u2019ART. 13 DEL REGOLAMENTO UE N. 679\/2016 <\/span><\/strong><span lang=\"IT\" style=\"font-size: 13.0pt; color: black;\">(relativo alla protezione delle persone fisiche con riguardo al trattamento dei dati personali, nonch\u00e9 alla libera circolazione di tali dati) Gent.le Cliente\/Fornitore\/Visitatore, la societ\u00e0 Geofoods Srl con sede in Via Aspromonte Bucchi, 18 \u2013 06012 Citt\u00e0 di Castello (PG) C.F\/P.IVA 03567060540in qualit\u00e0 di Titolare del trattamento, ai sensi dell\u2019art. 13 del Regolamento UE n. 679\/2016 desidera informarLa che i suoi dati saranno trattati secondo i principi stabiliti dal GDPR (Regolamento generale sulla protezione dei dati UE 679\/2016), ovvero nel rispetto del principio di liceit\u00e0, correttezza, trasparenza, limitazione delle finalit\u00e0 e della conservazione, minimizzazione dei dati, esattezza, integrit\u00e0 e riservatezza.<\/span><\/p>\n<\/div><div class=\"fusion-title title fusion-title-2 fusion-sep-none fusion-title-text fusion-title-size-two\" style=\"--awb-font-size:30px;\"><h2 class=\"fusion-title-heading title-heading-left\" style=\"margin:0;font-size:1em;\">Oggetto del Trattamento<\/h2><\/div><div class=\"fusion-text fusion-text-2\"><p>I dati oggetto del trattamento sono: 1. dati di navigazione; 2. dati personali, identificativi e di contatto.<\/p>\n<\/div><div class=\"fusion-title title fusion-title-3 fusion-sep-none fusion-title-text fusion-title-size-three\" style=\"--awb-font-size:22px;\"><h3 class=\"fusion-title-heading title-heading-left\" style=\"margin:0;font-size:1em;\">Fonte Dei Dati Trattati<\/h3><\/div><div class=\"fusion-text fusion-text-3\"><p>Il Titolare tratta i dati di navigazione e i dati personali conferiti spontaneamente dall\u2019interessato in occasione di:<\/p>\n<ul>\n<li>visite presso le sedi o telefonate;<\/li>\n<li>richiesta di preventivi o proposizione di offerte;<\/li>\n<li>precedenti transazioni;<\/li>\n<li>iscrizione al servizio di newsletter.<\/li>\n<\/ul>\n<\/div><div class=\"fusion-title title fusion-title-4 fusion-sep-none fusion-title-text fusion-title-size-three\" style=\"--awb-font-size:22px;\"><h3 class=\"fusion-title-heading title-heading-left\" style=\"margin:0;font-size:1em;\">Finalit\u00e0 E Base Giuridica Del Trattamento<\/h3><\/div><div class=\"fusion-text fusion-text-4\"><p style=\"margin: 0cm; line-height: 18.75pt; background: white;\"><span lang=\"IT\" style=\"font-size: 13.0pt; color: black;\">I dati di natura personale da Lei volontariamente forniti saranno oggetto di trattamento per le finalit\u00e0 di seguito indicate. <\/span><\/p>\n<p style=\"margin: 0cm; line-height: 18.75pt; background: white;\"><strong><span lang=\"IT\" style=\"font-size: 13.0pt; color: black;\">Per quanto concerne i dati di navigazione: <\/span><\/strong><\/p>\n<ul>\n<li style=\"line-height: 18.75pt; background: white;\"><span lang=\"IT\" style=\"font-size: 13.0pt; color: black;\">consentire all\u2019utente la navigazione sul sito del Titolare del trattamento;<\/span><\/li>\n<li style=\"line-height: 18.75pt; background: white;\"><span lang=\"IT\" style=\"font-size: 13.0pt; color: black;\">effettuare ricerche\/analisi statistiche su dati aggregati o anonimi, <\/span><\/li>\n<li style=\"line-height: 18.75pt; background: white;\"><span lang=\"IT\" style=\"font-size: 13.0pt; color: black;\">volte a misurare il funzionamento, <\/span><\/li>\n<li style=\"line-height: 18.75pt; background: white;\"><span lang=\"IT\" style=\"font-size: 13.0pt; color: black;\">il traffico e l\u2019interesse del Sito stesso; <\/span><\/li>\n<li style=\"line-height: 18.75pt; background: white;\"><span lang=\"IT\" style=\"font-size: 13.0pt; color: black;\">adempiere obblighi giuridici ai quali il Titolare sia soggetto. <\/span><\/li>\n<\/ul>\n<p><strong><span lang=\"IT\" style=\"font-size: 13.0pt; color: black;\">Per quanto riguarda i dati personali, identificativi e di contatto: <\/span><\/strong><\/p>\n<ul>\n<li><span lang=\"IT\" style=\"font-size: 13.0pt; color: black;\">in esecuzione del contratto tra l\u2019interessato e GEOFOODS S.R.L o in esecuzione di misure precontrattuali adottate su richiesta dell\u2019interessato stesso per: <\/span>\n<ul>\n<li><span lang=\"IT\" style=\"font-size: 13.0pt; color: black;\">espletare le attivit\u00e0 amministrativo-contabili strettamente connesse e strumentali agli adempimenti fiscali e burocratici e alla gestione organizzativa delle prestazioni richieste; <\/span><\/li>\n<li><span lang=\"IT\" style=\"font-size: 13.0pt; color: black;\">scambiare informazioni, ivi comprese le attivit\u00e0 pre e post contrattuali; <\/span><\/li>\n<li><span lang=\"IT\" style=\"font-size: 13.0pt; color: black;\">fornire i beni e i servizi richiesti e tutelare le posizioni creditorie da essi derivanti; <\/span><\/li>\n<li><span lang=\"IT\" style=\"font-size: 13.0pt; color: black;\">formalizzare le richieste di informazioni, predisporre preventivi od offerte, gestire le trattative e i rapporti precontrattuali; <\/span><\/li>\n<li><span lang=\"IT\" style=\"font-size: 13.0pt; color: black;\">formulare richieste o evadere le richieste pervenute.\u00a0 <\/span><\/li>\n<\/ul>\n<\/li>\n<li><span lang=\"IT\" style=\"font-size: 13.0pt; color: black;\">Previo consenso dell\u2019interessato per: <\/span>\n<ul>\n<li><span lang=\"IT\" style=\"font-size: 13.0pt; color: black;\">inviare newsletter e comunicazioni aventi ad oggetto messaggi informativi e\/o commerciali e\/o promozionali concernenti prodotti,<\/span><\/li>\n<li><span lang=\"IT\" style=\"font-size: 13.0pt; color: black;\"> novit\u00e0 e promozioni promossi da GEOFOODS S.R.L e per consentire all\u2019interessato di far cessare l\u2019invio, ovvero di cancellarsi dalla lista dei destinatari. <\/span><\/li>\n<li><span lang=\"IT\" style=\"font-size: 13.0pt; color: black;\">Con riferimento alle attivit\u00e0 di marketing, si precisa che, in caso di Suo mancato e specifico consenso al trattamento, non sar\u00e0 possibile svolgere le gi\u00e0 menzionate attivit\u00e0.<\/span><\/li>\n<\/ul>\n<\/li>\n<\/ul>\n<\/div><div class=\"fusion-title title fusion-title-5 fusion-sep-none fusion-title-text fusion-title-size-two\" style=\"--awb-font-size:30px;\"><h2 class=\"fusion-title-heading title-heading-left\" style=\"margin:0;font-size:1em;\">Informativa Sui Cookie<\/h2><\/div><div class=\"fusion-text fusion-text-5\"><p>Questa Applicazione fa utilizzo di Cookie. Per saperne di pi\u00f9 e per prendere visione dell\u2019informativa dettagliata, l\u2019Utente pu\u00f2 consultare la <a href=\"https:\/\/shop.geofoods.it\/it\/informativa-sui-cookie\/\" target=\"_blank\" rel=\"noopener\">Informativa Sui Cookie<\/a>.<\/p>\n<\/div><div class=\"fusion-title title fusion-title-6 fusion-sep-none fusion-title-text fusion-title-size-three\" style=\"--awb-font-size:22px;\"><h3 class=\"fusion-title-heading title-heading-left\" style=\"margin:0;font-size:1em;\">Diffusione E Comunicazione Dei Dati<\/h3><\/div><div class=\"fusion-text fusion-text-6\"><p>I dati personali trattati dal Titolare non saranno diffusi, ovvero non ne verr\u00e0 data conoscenza a soggetti indeterminati, in nessuna possibile forma, inclusa quella della loro messa a disposizione o semplice consultazione. I dati vengono comunicati ai destinatari nella misura strettamente necessaria in relazione alle finalit\u00e0 di cui sopra.<\/p>\n<p>Potranno essere comunicati ai lavoratori che operano alle dipendenze del Titolare; in particolare, sulla base dei ruoli e delle mansioni espletate, alcuni di essi sono stati legittimati a trattare i dati personali, nei limiti delle loro competenze ed in conformit\u00e0 alle istruzioni impartite. Potranno inoltre essere comunicati, nei limiti strettamente necessari, ai soggetti esterni che collaborano con il Titolare ed ai soggetti che per finalit\u00e0 di evasione degli acquisti o di altre richieste o di prestazioni di servizio relativi alla transazione o al rapporto contrattuale con il Titolare, debbano fornire beni e\/o eseguire prestazioni o servizi. Potranno, inoltre, essere comunicati ai soggetti legittimati ad accedervi in forza di disposizioni di legge, regolamenti, normative comunitarie.<\/p>\n<p>Infine, i dati potranno essere comunicati a terzi appartenenti alle seguenti categorie: \u2013 soggetti che forniscono servizi per la gestione del sistema informativo usato e per il funzionamento del Sito; \u2013 liberi professionisti, studi o societ\u00e0 nell\u2019ambito di rapporti di assistenza e consulenza fiscale e di diritto del lavoro; \u2013 istituti di credito; \u2013 autorit\u00e0 competenti per adempimenti di obblighi di legge e\/o di disposizioni di organi pubblici, su richiesta.<\/p>\n<\/div><div class=\"fusion-title title fusion-title-7 fusion-sep-none fusion-title-text fusion-title-size-three\" style=\"--awb-font-size:22px;\"><h3 class=\"fusion-title-heading title-heading-left\" style=\"margin:0;font-size:1em;\">Trasferimento Dei Dati<\/h3><\/div><div class=\"fusion-text fusion-text-7\"><p>Il Titolare del trattamento non trasferisce i dati personali in paesi terzi o a organizzazioni internazionali. Tuttavia, si riserva la possibilit\u00e0 di utilizzare servizi in cloud; nel qual caso, i fornitori dei servizi saranno selezionati tra coloro che forniscono garanzie adeguate, cos\u00ec come previsto dall\u2019art. 46 GDPR 679\/16.<\/p>\n<\/div><div class=\"fusion-title title fusion-title-8 fusion-sep-none fusion-title-text fusion-title-size-three\" style=\"--awb-font-size:22px;\"><h3 class=\"fusion-title-heading title-heading-left\" style=\"margin:0;font-size:1em;\">Procedure Di Elaborazione E Conservazione Dei Dati<\/h3><\/div><div class=\"fusion-text fusion-text-8\"><p>Il trattamento sar\u00e0 effettuato in forma automatizzata e\/o manuale, con modalit\u00e0 e strumenti volti a garantire la massima sicurezza e riservatezza, ad opera di soggetti appositamente incaricati nel rispetto di quanto previsto dall&#8217;art. 4 e del principio di responsabilit\u00e0 del G.D.P.R.. 4 e del principio di responsabilizzazione del G.D.P.R.<\/p>\n<p>Il Titolare conserva e tratta i dati personali per il tempo necessario ad adempiere alle finalit\u00e0 indicate, ovvero per dare esecuzione a quanto richiesto dall&#8217;utente. Successivamente, i dati personali saranno conservati, e non ulteriormente trattati, per il tempo stabilito dalle vigenti disposizioni civilistiche e fiscali. I dati trattati per finalit\u00e0 di marketing saranno conservati dalla Societ\u00e0 dal momento in cui l&#8217;interessato ha prestato il proprio consenso fino alla revoca dello stesso.<\/p>\n<\/div><div class=\"fusion-title title fusion-title-9 fusion-sep-none fusion-title-text fusion-title-size-three\" style=\"--awb-font-size:22px;\"><h3 class=\"fusion-title-heading title-heading-left\" style=\"margin:0;font-size:1em;\">Diritti Della Parte Interessata<\/h3><\/div><div class=\"fusion-text fusion-text-9\"><p>Ai sensi del GDPR 679\/2016 l&#8217;interessato ha diritto di accesso (art. 15), diritto di rettifica (art. 16), diritto alla cancellazione (art. 17), diritto alla limitazione del trattamento (art. 18), diritto alla portabilit\u00e0 (art. 20), diritto di opposizione (art. 21), diritto di opposizione al processo decisionale automatizzato (art. 22).<\/p>\n<p>Per far valere i propri diritti, l&#8217;interessato pu\u00f2 rivolgersi al Titolare del trattamento specificando l&#8217;oggetto della richiesta, il diritto che intende esercitare e allegando fotocopia di un documento di identit\u00e0 che attesti la legittimit\u00e0 della richiesta al seguente indirizzo: GEOFOODS S.R.L. Via Aspromonte Bucchi, 18 &#8211; 06012 Citt\u00e0 di Castello (PG). Oppure inviando una e-mail al seguente indirizzo di posta elettronica: <a href=\"mailto:info@geofoods.com\">info@geofoods.com<\/a><\/p>\n<\/div><div class=\"fusion-title title fusion-title-10 fusion-sep-none fusion-title-text fusion-title-size-three\" style=\"--awb-font-size:22px;\"><h3 class=\"fusion-title-heading title-heading-left\" style=\"margin:0;font-size:1em;\">Revocation of Consent and Claim Proposal<\/h3><\/div><div class=\"fusion-text fusion-text-10\"><p>Con riferimento all\u2019art. 6 del GDPR 679\/16, l\u2019interessato pu\u00f2 revocare in qualsiasi momento il consenso prestato, fatto salvo quello relativo alle comunicazioni di dati a soggetti terzi previste per legge, la cui mancata trasmissione potrebbe compromettere in tutto o in parte la fornitura del servizio. L\u2019interessato ha il diritto di proporre reclamo all\u2019autorit\u00e0 di controllo dello stato di residenza.<\/p>\n<\/div><div class=\"fusion-title title fusion-title-11 fusion-sep-none fusion-title-text fusion-title-size-three\" style=\"--awb-font-size:22px;\"><h3 class=\"fusion-title-heading title-heading-left\" style=\"margin:0;font-size:1em;\">Rifiuto Al Conferimento Dei Dati<\/h3><\/div><div class=\"fusion-text fusion-text-11\"><p>L\u2019interessato non pu\u00f2 rifiutarsi di conferire al Titolare i dati personali necessari per ottemperare le norme di legge che regolamentano le transazioni commerciali e la fiscalit\u00e0. Il conferimento di ulteriori dati personali potrebbe essere necessario per migliorare la qualit\u00e0 e l\u2019efficienza della transazione. Pertanto, il rifiuto al conferimento dei dati necessari per legge impedir\u00e0 l\u2019evasione degli ordini; mentre il conferimento dei dati ulteriori potr\u00e0 compromettere in tutto o in parte l\u2019evasione di altre richieste e la qualit\u00e0 e l\u2019efficienza della transazione stessa.<\/p>\n<p>Le persone che operano in nome e per conto di persone giuridiche possono rifiutarsi di conferire al Titolare i loro dati personali. Il conferimento di questi \u00e8 per\u00f2 necessario per una corretta ed efficiente gestione del rapporto contrattuale. Pertanto, un eventuale rifiuto al conferimento potr\u00e0 compromettere in tutto o in parte il rapporto contrattuale stesso. Per quanto concerne i dati conferiti in occasione dell\u2019iscrizione al servizio di newsletter, l\u2019interessato pu\u00f2 rifiutarsi di comunicare gli stessi al Titolare, poich\u00e9 il conferimento \u00e8 facoltativo. Tuttavia, la compilazione dei campi indicati \u00e8 indispensabile per poter ricevere la newsletter richiesta.<\/p>\n<\/div><div class=\"fusion-title title fusion-title-12 fusion-sep-none fusion-title-text fusion-title-size-three\" style=\"--awb-font-size:22px;\"><h3 class=\"fusion-title-heading title-heading-left\" style=\"margin:0;font-size:1em;\">Titolare Del Trattamento<\/h3><\/div><div class=\"fusion-text fusion-text-12\"><p>Il Titolare del trattamento dei dati \u00e8 GEOFOODS S.R.L. con sede in via Aspromonte Bucchi, 18 \u2013 06012 Citt\u00e0 di Castello (PG). Il Titolare del trattamento garantisce la sicurezza, la riservatezza e la protezione dei dati personali di cui \u00e8 in possesso, in qualsiasi fase del processo di trattamento degli stessi. L\u2019elenco aggiornato dei Responsabili interni ed esterni \u00e8 disponibile presso il Titolare del trattamento.<\/p>\n<\/div><div class=\"fusion-title title fusion-title-13 fusion-sep-none fusion-title-text fusion-title-size-three\" style=\"--awb-font-size:22px;\"><h3 class=\"fusion-title-heading title-heading-left\" style=\"margin:0;font-size:1em;\">Modifiche Alla Presente Informativa<\/h3><\/div><div class=\"fusion-text fusion-text-13\"><p>Il Titolare si riserva la possibilit\u00e0 di modificare il contenuto della presente informativa, in tutto o in parte, anche a causa di variazioni della normativa Privacy. Il Titolare effettuer\u00e0 la pubblicazione sul Sito della versione aggiornata del presente atto, e da quel momento essa sar\u00e0 vincolante: l\u2019interessato \u00e8 perci\u00f2 invitato a visitare con regolarit\u00e0 questa sezione.<\/p>\n<\/div><\/div><\/div><\/div><\/div><\/p>\n","protected":false},"excerpt":{"rendered":"","protected":false},"author":1,"featured_media":0,"parent":0,"menu_order":0,"comment_status":"closed","ping_status":"open","template":"100-width.php","meta":{"inline_featured_image":false,"footnotes":""},"yoast_head":"<!-- This site is optimized with the Yoast SEO plugin v22.4 - https:\/\/yoast.com\/wordpress\/plugins\/seo\/ -->\n<title>Informativa Privacy - Geofoods<\/title>\n<meta name=\"robots\" content=\"index, follow, max-snippet:-1, max-image-preview:large, max-video-preview:-1\" \/>\n<link rel=\"canonical\" href=\"https:\/\/shop.geofoods.it\/it\/informativa-privacy\/\" \/>\n<meta property=\"og:locale\" content=\"it_IT\" \/>\n<meta property=\"og:type\" content=\"article\" \/>\n<meta property=\"og:title\" content=\"Informativa Privacy - Geofoods\" \/>\n<meta property=\"og:url\" content=\"https:\/\/shop.geofoods.it\/it\/informativa-privacy\/\" \/>\n<meta property=\"og:site_name\" content=\"Geofoods\" \/>\n<meta property=\"article:publisher\" content=\"https:\/\/www.facebook.com\/geofoodsitaliantruffles\/\" \/>\n<meta property=\"article:modified_time\" content=\"2024-05-13T08:15:36+00:00\" \/>\n<meta property=\"og:image\" content=\"https:\/\/shop.geofoods.it\/wp-content\/uploads\/2024\/05\/geofoods-website-image.jpg\" \/>\n\t<meta property=\"og:image:width\" content=\"1200\" \/>\n\t<meta property=\"og:image:height\" content=\"675\" \/>\n\t<meta property=\"og:image:type\" content=\"image\/jpeg\" \/>\n<meta name=\"twitter:card\" content=\"summary_large_image\" \/>\n<meta name=\"twitter:label1\" content=\"Tempo di lettura stimato\" \/>\n\t<meta name=\"twitter:data1\" content=\"29 minuti\" \/>\n<script type=\"application\/ld+json\" class=\"yoast-schema-graph\">{\"@context\":\"https:\/\/schema.org\",\"@graph\":[{\"@type\":\"WebPage\",\"@id\":\"https:\/\/shop.geofoods.it\/it\/informativa-privacy\/\",\"url\":\"https:\/\/shop.geofoods.it\/it\/informativa-privacy\/\",\"name\":\"Informativa Privacy - Geofoods\",\"isPartOf\":{\"@id\":\"https:\/\/shop.geofoods.it\/it\/#website\"},\"datePublished\":\"2023-11-10T07:56:31+00:00\",\"dateModified\":\"2024-05-13T08:15:36+00:00\",\"breadcrumb\":{\"@id\":\"https:\/\/shop.geofoods.it\/it\/informativa-privacy\/#breadcrumb\"},\"inLanguage\":\"it-IT\",\"potentialAction\":[{\"@type\":\"ReadAction\",\"target\":[\"https:\/\/shop.geofoods.it\/it\/informativa-privacy\/\"]}]},{\"@type\":\"BreadcrumbList\",\"@id\":\"https:\/\/shop.geofoods.it\/it\/informativa-privacy\/#breadcrumb\",\"itemListElement\":[{\"@type\":\"ListItem\",\"position\":1,\"name\":\"Home\",\"item\":\"https:\/\/shop.geofoods.it\/it\/\"},{\"@type\":\"ListItem\",\"position\":2,\"name\":\"Informativa Privacy\"}]},{\"@type\":\"WebSite\",\"@id\":\"https:\/\/shop.geofoods.it\/it\/#website\",\"url\":\"https:\/\/shop.geofoods.it\/it\/\",\"name\":\"Geofoods Shop\",\"description\":\"Italian Truffles\",\"publisher\":{\"@id\":\"https:\/\/shop.geofoods.it\/it\/#organization\"},\"potentialAction\":[{\"@type\":\"SearchAction\",\"target\":{\"@type\":\"EntryPoint\",\"urlTemplate\":\"https:\/\/shop.geofoods.it\/it\/?s={search_term_string}\"},\"query-input\":\"required name=search_term_string\"}],\"inLanguage\":\"it-IT\"},{\"@type\":\"Organization\",\"@id\":\"https:\/\/shop.geofoods.it\/it\/#organization\",\"name\":\"Geofoods Srl\",\"url\":\"https:\/\/shop.geofoods.it\/it\/\",\"logo\":{\"@type\":\"ImageObject\",\"inLanguage\":\"it-IT\",\"@id\":\"https:\/\/shop.geofoods.it\/it\/#\/schema\/logo\/image\/\",\"url\":\"https:\/\/shop.geofoods.it\/wp-content\/uploads\/2024\/05\/geofoods-meta-image.jpg\",\"contentUrl\":\"https:\/\/shop.geofoods.it\/wp-content\/uploads\/2024\/05\/geofoods-meta-image.jpg\",\"width\":1200,\"height\":630,\"caption\":\"Geofoods Srl\"},\"image\":{\"@id\":\"https:\/\/shop.geofoods.it\/it\/#\/schema\/logo\/image\/\"},\"sameAs\":[\"https:\/\/www.facebook.com\/geofoodsitaliantruffles\/\",\"https:\/\/www.linkedin.com\/company\/geofoods-italian-truffle\",\"https:\/\/www.instagram.com\/geofoods_italiantruffles\/\"]}]}<\/script>\n<!-- \/ Yoast SEO plugin. -->","yoast_head_json":{"title":"Informativa Privacy - Geofoods","robots":{"index":"index","follow":"follow","max-snippet":"max-snippet:-1","max-image-preview":"max-image-preview:large","max-video-preview":"max-video-preview:-1"},"canonical":"https:\/\/shop.geofoods.it\/it\/informativa-privacy\/","og_locale":"it_IT","og_type":"article","og_title":"Informativa Privacy - Geofoods","og_url":"https:\/\/shop.geofoods.it\/it\/informativa-privacy\/","og_site_name":"Geofoods","article_publisher":"https:\/\/www.facebook.com\/geofoodsitaliantruffles\/","article_modified_time":"2024-05-13T08:15:36+00:00","og_image":[{"width":1200,"height":675,"url":"https:\/\/shop.geofoods.it\/wp-content\/uploads\/2024\/05\/geofoods-website-image.jpg","type":"image\/jpeg"}],"twitter_card":"summary_large_image","twitter_misc":{"Tempo di lettura stimato":"29 minuti"},"schema":{"@context":"https:\/\/schema.org","@graph":[{"@type":"WebPage","@id":"https:\/\/shop.geofoods.it\/it\/informativa-privacy\/","url":"https:\/\/shop.geofoods.it\/it\/informativa-privacy\/","name":"Informativa Privacy - Geofoods","isPartOf":{"@id":"https:\/\/shop.geofoods.it\/it\/#website"},"datePublished":"2023-11-10T07:56:31+00:00","dateModified":"2024-05-13T08:15:36+00:00","breadcrumb":{"@id":"https:\/\/shop.geofoods.it\/it\/informativa-privacy\/#breadcrumb"},"inLanguage":"it-IT","potentialAction":[{"@type":"ReadAction","target":["https:\/\/shop.geofoods.it\/it\/informativa-privacy\/"]}]},{"@type":"BreadcrumbList","@id":"https:\/\/shop.geofoods.it\/it\/informativa-privacy\/#breadcrumb","itemListElement":[{"@type":"ListItem","position":1,"name":"Home","item":"https:\/\/shop.geofoods.it\/it\/"},{"@type":"ListItem","position":2,"name":"Informativa Privacy"}]},{"@type":"WebSite","@id":"https:\/\/shop.geofoods.it\/it\/#website","url":"https:\/\/shop.geofoods.it\/it\/","name":"Geofoods Shop","description":"Italian Truffles","publisher":{"@id":"https:\/\/shop.geofoods.it\/it\/#organization"},"potentialAction":[{"@type":"SearchAction","target":{"@type":"EntryPoint","urlTemplate":"https:\/\/shop.geofoods.it\/it\/?s={search_term_string}"},"query-input":"required name=search_term_string"}],"inLanguage":"it-IT"},{"@type":"Organization","@id":"https:\/\/shop.geofoods.it\/it\/#organization","name":"Geofoods Srl","url":"https:\/\/shop.geofoods.it\/it\/","logo":{"@type":"ImageObject","inLanguage":"it-IT","@id":"https:\/\/shop.geofoods.it\/it\/#\/schema\/logo\/image\/","url":"https:\/\/shop.geofoods.it\/wp-content\/uploads\/2024\/05\/geofoods-meta-image.jpg","contentUrl":"https:\/\/shop.geofoods.it\/wp-content\/uploads\/2024\/05\/geofoods-meta-image.jpg","width":1200,"height":630,"caption":"Geofoods Srl"},"image":{"@id":"https:\/\/shop.geofoods.it\/it\/#\/schema\/logo\/image\/"},"sameAs":["https:\/\/www.facebook.com\/geofoodsitaliantruffles\/","https:\/\/www.linkedin.com\/company\/geofoods-italian-truffle","https:\/\/www.instagram.com\/geofoods_italiantruffles\/"]}]}},"jetpack_sharing_enabled":true,"_links":{"self":[{"href":"https:\/\/shop.geofoods.it\/it\/wp-json\/wp\/v2\/pages\/3"}],"collection":[{"href":"https:\/\/shop.geofoods.it\/it\/wp-json\/wp\/v2\/pages"}],"about":[{"href":"https:\/\/shop.geofoods.it\/it\/wp-json\/wp\/v2\/types\/page"}],"author":[{"embeddable":true,"href":"https:\/\/shop.geofoods.it\/it\/wp-json\/wp\/v2\/users\/1"}],"replies":[{"embeddable":true,"href":"https:\/\/shop.geofoods.it\/it\/wp-json\/wp\/v2\/comments?post=3"}],"version-history":[{"count":6,"href":"https:\/\/shop.geofoods.it\/it\/wp-json\/wp\/v2\/pages\/3\/revisions"}],"predecessor-version":[{"id":1112,"href":"https:\/\/shop.geofoods.it\/it\/wp-json\/wp\/v2\/pages\/3\/revisions\/1112"}],"wp:attachment":[{"href":"https:\/\/shop.geofoods.it\/it\/wp-json\/wp\/v2\/media?parent=3"}],"curies":[{"name":"wp","href":"https:\/\/api.w.org\/{rel}","templated":true}]}}