{"id":132,"date":"2023-11-10T10:53:07","date_gmt":"2023-11-10T10:53:07","guid":{"rendered":"https:\/\/shop.geofoods.it\/?page_id=132"},"modified":"2024-04-24T08:40:10","modified_gmt":"2024-04-24T08:40:10","slug":"informativa-sui-cookie","status":"publish","type":"page","link":"https:\/\/shop.geofoods.it\/it\/informativa-sui-cookie\/","title":{"rendered":"Informativa Sui Cookie"},"content":{"rendered":"<p><div class=\"fusion-fullwidth fullwidth-box fusion-builder-row-1 fusion-flex-container has-pattern-background has-mask-background nonhundred-percent-fullwidth non-hundred-percent-height-scrolling\" style=\"--awb-border-radius-top-left:0px;--awb-border-radius-top-right:0px;--awb-border-radius-bottom-right:0px;--awb-border-radius-bottom-left:0px;--awb-padding-top:50px;--awb-padding-bottom:50px;--awb-background-color:#f5f2eb;--awb-flex-wrap:wrap;\" ><div class=\"fusion-builder-row fusion-row fusion-flex-align-items-flex-start fusion-flex-content-wrap\" style=\"max-width:1248px;margin-left: calc(-4% \/ 2 );margin-right: calc(-4% \/ 2 );\"><div class=\"fusion-layout-column fusion_builder_column fusion-builder-column-0 fusion_builder_column_1_1 1_1 fusion-flex-column\" style=\"--awb-bg-size:cover;--awb-width-large:100%;--awb-margin-top-large:0px;--awb-spacing-right-large:1.92%;--awb-margin-bottom-large:0px;--awb-spacing-left-large:1.92%;--awb-width-medium:100%;--awb-order-medium:0;--awb-spacing-right-medium:1.92%;--awb-spacing-left-medium:1.92%;--awb-width-small:100%;--awb-order-small:0;--awb-spacing-right-small:1.92%;--awb-spacing-left-small:1.92%;\"><div class=\"fusion-column-wrapper fusion-column-has-shadow fusion-flex-justify-content-flex-start fusion-content-layout-column\"><nav class=\"fusion-breadcrumbs awb-yoast-breadcrumbs fusion-breadcrumbs-1\" style=\"--awb-alignment:center;--awb-breadcrumb-sep:&#039;\/&#039;;text-align:center;\" aria-label=\"Breadcrumb\"><span><span><a href=\"https:\/\/shop.geofoods.it\/it\/\">Home<\/a><\/span><\/span><\/nav><div class=\"fusion-title title fusion-title-1 fusion-sep-none fusion-title-center fusion-title-text fusion-title-size-one\" style=\"--awb-font-size:34px;\"><h1 class=\"fusion-title-heading title-heading-center\" style=\"font-family:&quot;Cabin&quot;;font-style:normal;font-weight:700;margin:0;font-size:1em;\">Informativa Sui Cookie<\/h1><\/div><\/div><\/div><\/div><\/div><div class=\"fusion-fullwidth fullwidth-box fusion-builder-row-2 fusion-flex-container has-pattern-background has-mask-background nonhundred-percent-fullwidth non-hundred-percent-height-scrolling\" style=\"--awb-border-radius-top-left:0px;--awb-border-radius-top-right:0px;--awb-border-radius-bottom-right:0px;--awb-border-radius-bottom-left:0px;--awb-padding-top:50px;--awb-flex-wrap:wrap;\" ><div class=\"fusion-builder-row fusion-row fusion-flex-align-items-flex-start fusion-flex-content-wrap\" style=\"max-width:1248px;margin-left: calc(-4% \/ 2 );margin-right: calc(-4% \/ 2 );\"><div class=\"fusion-layout-column fusion_builder_column fusion-builder-column-1 fusion_builder_column_1_1 1_1 fusion-flex-column\" style=\"--awb-bg-size:cover;--awb-width-large:100%;--awb-margin-top-large:0px;--awb-spacing-right-large:1.92%;--awb-margin-bottom-large:20px;--awb-spacing-left-large:1.92%;--awb-width-medium:100%;--awb-order-medium:0;--awb-spacing-right-medium:1.92%;--awb-spacing-left-medium:1.92%;--awb-width-small:100%;--awb-order-small:0;--awb-spacing-right-small:1.92%;--awb-spacing-left-small:1.92%;\"><div class=\"fusion-column-wrapper fusion-column-has-shadow fusion-flex-justify-content-flex-start fusion-content-layout-column\"><div class=\"fusion-title title fusion-title-2 fusion-sep-none fusion-title-text fusion-title-size-two\" style=\"--awb-font-size:30px;\"><h2 class=\"fusion-title-heading title-heading-left\" style=\"margin:0;font-size:1em;\">Dati Di Navigazione E Cookie<\/h2><\/div><div class=\"fusion-text fusion-text-1\"><p>I sistemi informatici e le procedure software preposte al funzionamento di questo sito web acquisiscono, nel corso del loro normale esercizio alcuni dati personali la cui trasmissione \u00e8 implicita nell\u2019uso dei protocolli di comunicazione di Internet. Si tratta di informazioni che non sono raccolte per essere associate a interessati identificati, ma che per loro stessa natura potrebbero, attraverso elaborazioni ed associazioni con dati detenuti da terzi, permettere di identificare gli utenti. In questa categoria di dati rientrano gli indirizzi IP o i nomi a dominio dei computer utilizzati dagli utenti che si connettono al sito, gli indirizzi in notazione URI (Uniform Resource Identifier) delle risorse richieste, l\u2019orario della richiesta, il metodo utilizzato nel sottoporre la richiesta al server, la dimensione del file ottenuto in risposta, il codice numerico indicante lo stato della risposta data dal server (buon fine, errore, ecc..) ed altri parametri relativi al sistema operativo e all\u2019ambiente informatico dell\u2019utente. Questi dati vengono utilizzati al solo fine di ricavare informazioni statistiche anonime sull\u2019uso del sito e per controllarne il corretto funzionamento e vengono cancellati immediatamente dopo l\u2019elaborazione. I dati potrebbero essere utilizzati per l\u2019accertamento di responsabilit\u00e0 in caso di ipotetici reati informatici ai danni del sito.<\/p>\n<\/div><div class=\"fusion-title title fusion-title-3 fusion-sep-none fusion-title-text fusion-title-size-two\" style=\"--awb-font-size:30px;\"><h2 class=\"fusion-title-heading title-heading-left\" style=\"margin:0;font-size:1em;\">Tipologia Di Cookie<\/h2><\/div><div class=\"fusion-text fusion-text-2\"><p>I cookie sono informazioni immesse sul browser dell\u2019utente quando visita un sito web o utilizza un social network con il suo pc, smartphone o tablet. Ogni cookie contiene diversi dati come, ad esempio, il nome del server da cui proviene, un identificatore numerico, ecc. I cookie possono rimanere nel sistema per la durata di una sessione (cio\u00e8 fino a che non si chiude il browser utilizzato per la navigazione sul web) o per lunghi periodi e possono contenere un codice identificativo unico. L\u2019utilizzo di cookies tecnici \u00e8 un trattamento effettuato nel legittimo interesse del Titolare; l\u2019utilizzo di cookies analitici viene effettuato con il consenso dell\u2019interessato. Quest\u2019ultimo, inoltre, pu\u00f2 rifiutarsi di conferire al Titolare i suoi dati di navigazione. Per fare ci\u00f2, deve disabilitare i cookies seguendo le istruzioni fornite dal browser in uso. La disabilitazione dei cookies pu\u00f2 peggiore la navigazione e la fruizione delle funzionalit\u00e0 del sito.<\/p>\n<\/div><div class=\"fusion-title title fusion-title-4 fusion-sep-none fusion-title-text fusion-title-size-two\" style=\"--awb-font-size:30px;\"><h2 class=\"fusion-title-heading title-heading-left\" style=\"margin:0;font-size:1em;\">Cookie Tecnici<\/h2><\/div><div class=\"fusion-text fusion-text-3\"><p>Alcuni cookie sono usati per eseguire autenticazioni informatiche, monitoraggio di sessioni e memorizzazione di informazioni specifiche sugli utenti che accedono ad una pagina web. Questi cookie, cosiddetti tecnici, sono spesso utili, perch\u00e9 possono rendere pi\u00f9 veloce e rapida la navigazione e fruizione del web, perch\u00e9 ad esempio intervengono a facilitare alcune procedure quando si fanno acquisti online, quando ci si autentica ad aree ad accesso riservato o quando un sito web riconosce in automatico la lingua che si utilizza di solito. Una particolare tipologia di cookie, detti analytics, \u00e8 utilizzata dai gestori dei siti web per raccogliere informazioni, in forma aggregata, sul numero degli utenti e su come questi visitano il sito stesso, e quindi elaborare statistiche generali sul servizio e sul suo utilizzo.<\/p>\n<\/div><div class=\"fusion-title title fusion-title-5 fusion-sep-none fusion-title-text fusion-title-size-two\" style=\"--awb-font-size:30px;\"><h2 class=\"fusion-title-heading title-heading-left\" style=\"margin:0;font-size:1em;\">Cookie Di Profilazione<\/h2><\/div><div class=\"fusion-text fusion-text-4\"><p>Altri cookie possono invece essere utilizzati per monitorare e profilare gli utenti durante la navigazione, studiare i loro movimenti e abitudini di consultazione del web o di consumo (cosa comprano, cosa leggono, ecc.), anche allo scopo di inviare pubblicit\u00e0 di servizi mirati e personalizzati (c.d. Behavioral Advertising). Parliamo in questo caso di cookie di profilazione. Pu\u00f2 accadere che una pagina web contenga cookie provenienti da altri siti e contenuti in vari elementi ospitati sulla pagina stessa, come ad esempio banner pubblicitari, immagini, video, ecc. Si tratta dei cosiddetti cookie terze parti, che di solito sono utilizzati a fini di profilazione. Considerata la particolare invasivit\u00e0 che i cookie di profilazione (soprattutto quelli terze parti) possono avere nell\u2019ambito della sfera privata degli utenti, la normativa europea e italiana prevede che l\u2019utente debba essere adeguatamente informato sull\u2019uso degli stessi ed esprimere il proprio valido consenso all\u2019inserimento dei cookie sul suo terminale.<\/p>\n<\/div><\/div><\/div><\/div><\/div><\/p>\n","protected":false},"excerpt":{"rendered":"","protected":false},"author":1,"featured_media":0,"parent":0,"menu_order":0,"comment_status":"closed","ping_status":"closed","template":"100-width.php","meta":{"inline_featured_image":false,"footnotes":""},"yoast_head":"<!-- This site is optimized with the Yoast SEO plugin v22.4 - https:\/\/yoast.com\/wordpress\/plugins\/seo\/ -->\n<title>Informativa Sui Cookie - Geofoods<\/title>\n<meta name=\"robots\" content=\"index, follow, max-snippet:-1, max-image-preview:large, max-video-preview:-1\" \/>\n<link rel=\"canonical\" href=\"https:\/\/shop.geofoods.it\/it\/informativa-sui-cookie\/\" \/>\n<meta property=\"og:locale\" content=\"it_IT\" \/>\n<meta property=\"og:type\" content=\"article\" \/>\n<meta property=\"og:title\" content=\"Informativa Sui Cookie - Geofoods\" \/>\n<meta property=\"og:url\" content=\"https:\/\/shop.geofoods.it\/it\/informativa-sui-cookie\/\" \/>\n<meta property=\"og:site_name\" content=\"Geofoods\" \/>\n<meta property=\"article:publisher\" content=\"https:\/\/www.facebook.com\/geofoodsitaliantruffles\/\" \/>\n<meta property=\"article:modified_time\" content=\"2024-04-24T08:40:10+00:00\" \/>\n<meta property=\"og:image\" content=\"https:\/\/shop.geofoods.it\/wp-content\/uploads\/2024\/05\/geofoods-website-image.jpg\" \/>\n\t<meta property=\"og:image:width\" content=\"1200\" \/>\n\t<meta property=\"og:image:height\" content=\"675\" \/>\n\t<meta property=\"og:image:type\" content=\"image\/jpeg\" \/>\n<meta name=\"twitter:card\" content=\"summary_large_image\" \/>\n<meta name=\"twitter:label1\" content=\"Tempo di lettura stimato\" \/>\n\t<meta name=\"twitter:data1\" content=\"10 minuti\" \/>\n<script type=\"application\/ld+json\" class=\"yoast-schema-graph\">{\"@context\":\"https:\/\/schema.org\",\"@graph\":[{\"@type\":\"WebPage\",\"@id\":\"https:\/\/shop.geofoods.it\/it\/informativa-sui-cookie\/\",\"url\":\"https:\/\/shop.geofoods.it\/it\/informativa-sui-cookie\/\",\"name\":\"Informativa Sui Cookie - Geofoods\",\"isPartOf\":{\"@id\":\"https:\/\/shop.geofoods.it\/it\/#website\"},\"datePublished\":\"2023-11-10T10:53:07+00:00\",\"dateModified\":\"2024-04-24T08:40:10+00:00\",\"breadcrumb\":{\"@id\":\"https:\/\/shop.geofoods.it\/it\/informativa-sui-cookie\/#breadcrumb\"},\"inLanguage\":\"it-IT\",\"potentialAction\":[{\"@type\":\"ReadAction\",\"target\":[\"https:\/\/shop.geofoods.it\/it\/informativa-sui-cookie\/\"]}]},{\"@type\":\"BreadcrumbList\",\"@id\":\"https:\/\/shop.geofoods.it\/it\/informativa-sui-cookie\/#breadcrumb\",\"itemListElement\":[{\"@type\":\"ListItem\",\"position\":1,\"name\":\"Home\",\"item\":\"https:\/\/shop.geofoods.it\/it\/\"},{\"@type\":\"ListItem\",\"position\":2,\"name\":\"Informativa Sui Cookie\"}]},{\"@type\":\"WebSite\",\"@id\":\"https:\/\/shop.geofoods.it\/it\/#website\",\"url\":\"https:\/\/shop.geofoods.it\/it\/\",\"name\":\"Geofoods Shop\",\"description\":\"Italian Truffles\",\"publisher\":{\"@id\":\"https:\/\/shop.geofoods.it\/it\/#organization\"},\"potentialAction\":[{\"@type\":\"SearchAction\",\"target\":{\"@type\":\"EntryPoint\",\"urlTemplate\":\"https:\/\/shop.geofoods.it\/it\/?s={search_term_string}\"},\"query-input\":\"required name=search_term_string\"}],\"inLanguage\":\"it-IT\"},{\"@type\":\"Organization\",\"@id\":\"https:\/\/shop.geofoods.it\/it\/#organization\",\"name\":\"Geofoods Srl\",\"url\":\"https:\/\/shop.geofoods.it\/it\/\",\"logo\":{\"@type\":\"ImageObject\",\"inLanguage\":\"it-IT\",\"@id\":\"https:\/\/shop.geofoods.it\/it\/#\/schema\/logo\/image\/\",\"url\":\"https:\/\/shop.geofoods.it\/wp-content\/uploads\/2024\/05\/geofoods-meta-image.jpg\",\"contentUrl\":\"https:\/\/shop.geofoods.it\/wp-content\/uploads\/2024\/05\/geofoods-meta-image.jpg\",\"width\":1200,\"height\":630,\"caption\":\"Geofoods Srl\"},\"image\":{\"@id\":\"https:\/\/shop.geofoods.it\/it\/#\/schema\/logo\/image\/\"},\"sameAs\":[\"https:\/\/www.facebook.com\/geofoodsitaliantruffles\/\",\"https:\/\/www.linkedin.com\/company\/geofoods-italian-truffle\",\"https:\/\/www.instagram.com\/geofoods_italiantruffles\/\"]}]}<\/script>\n<!-- \/ Yoast SEO plugin. -->","yoast_head_json":{"title":"Informativa Sui Cookie - Geofoods","robots":{"index":"index","follow":"follow","max-snippet":"max-snippet:-1","max-image-preview":"max-image-preview:large","max-video-preview":"max-video-preview:-1"},"canonical":"https:\/\/shop.geofoods.it\/it\/informativa-sui-cookie\/","og_locale":"it_IT","og_type":"article","og_title":"Informativa Sui Cookie - Geofoods","og_url":"https:\/\/shop.geofoods.it\/it\/informativa-sui-cookie\/","og_site_name":"Geofoods","article_publisher":"https:\/\/www.facebook.com\/geofoodsitaliantruffles\/","article_modified_time":"2024-04-24T08:40:10+00:00","og_image":[{"width":1200,"height":675,"url":"https:\/\/shop.geofoods.it\/wp-content\/uploads\/2024\/05\/geofoods-website-image.jpg","type":"image\/jpeg"}],"twitter_card":"summary_large_image","twitter_misc":{"Tempo di lettura stimato":"10 minuti"},"schema":{"@context":"https:\/\/schema.org","@graph":[{"@type":"WebPage","@id":"https:\/\/shop.geofoods.it\/it\/informativa-sui-cookie\/","url":"https:\/\/shop.geofoods.it\/it\/informativa-sui-cookie\/","name":"Informativa Sui Cookie - Geofoods","isPartOf":{"@id":"https:\/\/shop.geofoods.it\/it\/#website"},"datePublished":"2023-11-10T10:53:07+00:00","dateModified":"2024-04-24T08:40:10+00:00","breadcrumb":{"@id":"https:\/\/shop.geofoods.it\/it\/informativa-sui-cookie\/#breadcrumb"},"inLanguage":"it-IT","potentialAction":[{"@type":"ReadAction","target":["https:\/\/shop.geofoods.it\/it\/informativa-sui-cookie\/"]}]},{"@type":"BreadcrumbList","@id":"https:\/\/shop.geofoods.it\/it\/informativa-sui-cookie\/#breadcrumb","itemListElement":[{"@type":"ListItem","position":1,"name":"Home","item":"https:\/\/shop.geofoods.it\/it\/"},{"@type":"ListItem","position":2,"name":"Informativa Sui Cookie"}]},{"@type":"WebSite","@id":"https:\/\/shop.geofoods.it\/it\/#website","url":"https:\/\/shop.geofoods.it\/it\/","name":"Geofoods Shop","description":"Italian Truffles","publisher":{"@id":"https:\/\/shop.geofoods.it\/it\/#organization"},"potentialAction":[{"@type":"SearchAction","target":{"@type":"EntryPoint","urlTemplate":"https:\/\/shop.geofoods.it\/it\/?s={search_term_string}"},"query-input":"required name=search_term_string"}],"inLanguage":"it-IT"},{"@type":"Organization","@id":"https:\/\/shop.geofoods.it\/it\/#organization","name":"Geofoods Srl","url":"https:\/\/shop.geofoods.it\/it\/","logo":{"@type":"ImageObject","inLanguage":"it-IT","@id":"https:\/\/shop.geofoods.it\/it\/#\/schema\/logo\/image\/","url":"https:\/\/shop.geofoods.it\/wp-content\/uploads\/2024\/05\/geofoods-meta-image.jpg","contentUrl":"https:\/\/shop.geofoods.it\/wp-content\/uploads\/2024\/05\/geofoods-meta-image.jpg","width":1200,"height":630,"caption":"Geofoods Srl"},"image":{"@id":"https:\/\/shop.geofoods.it\/it\/#\/schema\/logo\/image\/"},"sameAs":["https:\/\/www.facebook.com\/geofoodsitaliantruffles\/","https:\/\/www.linkedin.com\/company\/geofoods-italian-truffle","https:\/\/www.instagram.com\/geofoods_italiantruffles\/"]}]}},"jetpack_sharing_enabled":true,"_links":{"self":[{"href":"https:\/\/shop.geofoods.it\/it\/wp-json\/wp\/v2\/pages\/132"}],"collection":[{"href":"https:\/\/shop.geofoods.it\/it\/wp-json\/wp\/v2\/pages"}],"about":[{"href":"https:\/\/shop.geofoods.it\/it\/wp-json\/wp\/v2\/types\/page"}],"author":[{"embeddable":true,"href":"https:\/\/shop.geofoods.it\/it\/wp-json\/wp\/v2\/users\/1"}],"replies":[{"embeddable":true,"href":"https:\/\/shop.geofoods.it\/it\/wp-json\/wp\/v2\/comments?post=132"}],"version-history":[{"count":6,"href":"https:\/\/shop.geofoods.it\/it\/wp-json\/wp\/v2\/pages\/132\/revisions"}],"predecessor-version":[{"id":872,"href":"https:\/\/shop.geofoods.it\/it\/wp-json\/wp\/v2\/pages\/132\/revisions\/872"}],"wp:attachment":[{"href":"https:\/\/shop.geofoods.it\/it\/wp-json\/wp\/v2\/media?parent=132"}],"curies":[{"name":"wp","href":"https:\/\/api.w.org\/{rel}","templated":true}]}}